{"id":49,"date":"2022-11-14T12:06:33","date_gmt":"2022-11-14T12:06:33","guid":{"rendered":"https:\/\/elearning.greenvetchoices.eu\/?page_id=49"},"modified":"2026-03-05T09:43:34","modified_gmt":"2026-03-05T09:43:34","slug":"home-2","status":"publish","type":"page","link":"https:\/\/elearning.personaproject.eu\/cs\/","title":{"rendered":"Dom\u016f"},"content":{"rendered":"<h1>Welcome to the PERSONA Education Platform !<\/h1>\n<div>The PERSONA Education Platform is an online learning environment developed to support innovation in agricultural education and training through the use of microcredentials. Designed for farmers, TVET learners, educators, and training providers, the platform offers a structured, flexible, and user-friendly space where users can access learning materials, assessment tools, and implementation guidelines aligned with the latest European competence frameworks. Each section of the platform is designed to work both independently and as part of a holistic learning system.<\/div>\n<ul>\n<li>\n<div>\n<div style=\"display: flex; align-items: center; color: white;\">\n  <!-- Number --><\/p>\n<div style=\"font-size: 2.5rem; font-weight: bold; margin-right: 15px;\">1<\/div>\n<p>  <!-- Vertical line --><\/p>\n<div style=\"width: 2px; height: 60px; background-color: white; margin-right: 15px;\"><\/div>\n<p>  <!-- Text section --><\/p>\n<div>\n<div>European Register of Microcredentials for Innovation in Agriculture<\/div>\n<\/p><\/div>\n<\/div>\n<\/div>\n<p><a href=\"\/european-register-of-microcredentials-for-innovation\/\"><\/a><\/p>\n<\/li>\n<li>\n<div>\n<div style=\"display: flex; align-items: center; color: white;\">\n  <!-- Number --><\/p>\n<div style=\"font-size: 2.5rem; font-weight: bold; margin-right: 15px;\">2<\/div>\n<p>  <!-- Vertical line --><\/p>\n<div style=\"width: 2px; height: 60px; background-color: white; margin-right: 15px;\"><\/div>\n<p>  <!-- Text --><\/p>\n<div>Microcredentials common system for Agricultural TVET Education<\/div>\n<\/div>\n<\/div>\n<p><a href=\"\/microcredentials-common-system-for-agricultural-tvet-education\/\"><\/a><\/p>\n<\/li>\n<li>\n<div>\n<div style=\"display: flex; align-items: center; color: white;\">\n  <!-- Number --><\/p>\n<div style=\"font-size: 2.5rem; font-weight: bold; margin-right: 15px;\">3<\/div>\n<p>  <!-- Vertical line --><\/p>\n<div style=\"width: 2px; height: 60px; background-color: white; margin-right: 15px;\"><\/div>\n<p>  <!-- Text --><\/p>\n<div>Microcredentials Programme in Innovation Process Management in Agriculture<\/div>\n<\/div>\n<\/div>\n<p><a href=\"\/microcredentials-programme-in-innovation-process-management-in-agriculture\/\"><\/a><\/p>\n<\/li>\n<li>\n<div>\n<div style=\"display: flex; align-items: center; color: white;\">\n  <!-- Number --><\/p>\n<div style=\"font-size: 2.5rem; font-weight: bold; margin-right: 15px;\">4<\/div>\n<p>  <!-- Vertical line --><\/p>\n<div style=\"width: 2px; height: 60px; background-color: white; margin-right: 15px;\"><\/div>\n<p>  <!-- Text --><\/p>\n<div>Manual on the structure and use of the Joint Microcredentials Programme in Innovation Process Management in Agriculture<\/div>\n<\/div>\n<\/div>\n<p><a href=\"\/manual-on-the-structure-and-use-of-the-joint-microcredentials-programme-in-innovation-process-management-in-agriculture\/\"><\/a><\/p>\n<\/li>\n<li>\n<div>\n<div style=\"display: flex; align-items: center; color: white;\">\n  <!-- Number --><\/p>\n<div style=\"font-size: 2.5rem; font-weight: bold; margin-right: 15px;\">5<\/div>\n<p>  <!-- Vertical line --><\/p>\n<div style=\"width: 2px; height: 60px; background-color: white; margin-right: 15px;\"><\/div>\n<p>  <!-- Text --><\/p>\n<div>Hybrid Human\u2013AI Personalised System<\/div>\n<\/div>\n<\/div>\n<p><a href=\"\/hybrid-ai-system\/\"><\/a><\/p>\n<\/li>\n<\/ul>\n<p><!--more--><br \/>\n<!-- {\"type\":\"layout\",\"children\":[{\"type\":\"section\",\"props\":{\"animation\":\"fade\",\"animation_delay\":\"250\",\"css\":\".el-section {\\n  background: radial-gradient(\\n    circle at 20% 80%,   \/* Bottom left *\/\\n    #3C8072 10%,\\n    #5D62A6 30%,\\n    #6E6BB0 50%,\\n    #BBA4CD 70%,\\n    #C6EBBB 100%\\n  );\\n  background-size: 200% 200%;\\n  background-repeat: no-repeat;\\n  animation: gradientShift 15s ease infinite;\\n}\\n\\n@keyframes gradientShift {\\n    0% { background-position: 0% 50%; }\\n    50% { background-position: 100% 50%; }\\n    100% { background-position: 0% 50%; }\\n}\\n\\n\",\"height\":\"section\",\"height_viewport_offset\":true,\"image_loading\":true,\"image_position\":\"center-center\",\"image_size\":\"cover\",\"padding_bottom\":\"none\",\"padding_remove_horizontal\":false,\"style\":\"default\",\"title_breakpoint\":\"xl\",\"title_position\":\"top-left\",\"title_rotation\":\"left\",\"vertical_align\":\"\",\"width\":\"default\"},\"children\":[{\"type\":\"row\",\"children\":[{\"type\":\"column\",\"props\":{\"image_position\":\"center-center\",\"position_sticky_breakpoint\":\"m\"},\"children\":[{\"type\":\"headline\",\"props\":{\"content\":\"Welcome to the PERSONA Education Platform [print_username]!\",\"css\":\".el-element{color: #FFFFFF;\\nfont-weight:bold;}\",\"image_align\":\"left\",\"image_margin\":\"xsmall\",\"text_align\":\"center\",\"title_element\":\"h1\"}},{\"type\":\"text\",\"props\":{\"column_breakpoint\":\"m\",\"content\":\"The PERSONA Education Platform is an online learning environment developed to support innovation in agricultural education and training through the use of microcredentials. Designed for farmers, TVET learners, educators, and training providers, the platform offers a structured, flexible, and user-friendly space where users can access learning materials, assessment tools, and implementation guidelines aligned with the latest European competence frameworks. Each section of the platform is designed to work both independently and as part of a holistic learning system.\",\"css\":\".el-element{color: #FFFFFF;\\nmargin-bottom:15px;}\",\"margin_bottom\":\"default\",\"margin_top\":\"default\",\"text_align\":\"center\"}},{\"type\":\"grid\",\"props\":{\"content_column_breakpoint\":\"m\",\"css\":\".el-item{background-color:#4A916A;\\nborder-radius:15px;\\n}\\n.el-title{padding:10px;\\ncolor:#FFFFFF;}\\n\\n.el-content{\\npadding:2rem;}\\n\\n.el-element{\\nmargin-bottom:30px;}\",\"filter_align\":\"left\",\"filter_all\":true,\"filter_grid_breakpoint\":\"m\",\"filter_grid_width\":\"auto\",\"filter_position\":\"top\",\"filter_style\":\"tab\",\"grid_default\":\"1\",\"grid_medium\":\"2\",\"grid_small\":\"2\",\"image_align\":\"top\",\"image_grid_breakpoint\":\"m\",\"image_grid_width\":\"1-2\",\"image_svg_color\":\"emphasis\",\"item_animation\":true,\"lightbox_bg_close\":true,\"link_style\":\"default\",\"link_target\":false,\"link_text\":\"\",\"margin_bottom\":\"default\",\"margin_top\":\"large\",\"meta_align\":\"below-title\",\"meta_element\":\"div\",\"meta_style\":\"text-meta\",\"panel_link\":true,\"show_content\":true,\"show_hover_image\":false,\"show_hover_video\":false,\"show_image\":false,\"show_link\":true,\"show_meta\":true,\"show_title\":true,\"show_video\":false,\"title_align\":\"top\",\"title_element\":\"h3\",\"title_grid_breakpoint\":\"m\",\"title_grid_width\":\"1-2\",\"title_hover_style\":\"reset\"},\"children\":[{\"type\":\"grid_item\",\"props\":{\"content\":\"\n\n<div style=\\\"display: flex; align-items: center; color: white;\\\">\\n  <!-- Number -->\\n  <\/p>\n<div style=\\\"font-size: 2.5rem; font-weight: bold; margin-right: 15px;\\\">1<\/div>\n<p>\\n\\n  <!-- Vertical line -->\\n  <\/p>\n<div style=\\\"width: 2px; height: 60px; background-color: white; margin-right: 15px;\\\"><\/div>\n<p>\\n\\n  <!-- Text section -->\\n  <\/p>\n<div>\\n    <\/p>\n<div>European Register of Microcredentials for Innovation in Agriculture<\/div>\n<p>\\n    \\n  <\/p><\/div>\n<p>\\n<\/p><\/div>\n<p>\\n&#8221;,&#8221;link&#8221;:&#8221;european-register-of-microcredentials-for-innovation\/&#8221;,&#8221;title&#8221;:&#8221;&#8221;}},{&#8220;type&#8221;:&#8221;grid_item&#8221;,&#8221;props&#8221;:{&#8220;content&#8221;:&#8221;<\/p>\n<div style=\\\"display: flex; align-items: center; color: white;\\\">\\n  <!-- Number -->\\n  <\/p>\n<div style=\\\"font-size: 2.5rem; font-weight: bold; margin-right: 15px;\\\">2<\/div>\n<p>\\n\\n  <!-- Vertical line -->\\n  <\/p>\n<div style=\\\"width: 2px; height: 60px; background-color: white; margin-right: 15px;\\\"><\/div>\n<p>\\n\\n  <!-- Text -->\\n  <\/p>\n<div>Microcredentials common system for Agricultural TVET Education<\/div>\n<p>\\n<\/p><\/div>\n<p>\\n&#8221;,&#8221;link&#8221;:&#8221;microcredentials-common-system-for-agricultural-tvet-education\/&#8221;,&#8221;title&#8221;:&#8221;&#8221;}},{&#8220;type&#8221;:&#8221;grid_item&#8221;,&#8221;props&#8221;:{&#8220;content&#8221;:&#8221;<\/p>\n<div style=\\\"display: flex; align-items: center; color: white;\\\">\\n  <!-- Number -->\\n  <\/p>\n<div style=\\\"font-size: 2.5rem; font-weight: bold; margin-right: 15px;\\\">3<\/div>\n<p>\\n\\n  <!-- Vertical line -->\\n  <\/p>\n<div style=\\\"width: 2px; height: 60px; background-color: white; margin-right: 15px;\\\"><\/div>\n<p>\\n\\n  <!-- Text -->\\n  <\/p>\n<div>Microcredentials Programme in Innovation Process Management in Agriculture<\/div>\n<p>\\n<\/p><\/div>\n<p>\\n&#8221;,&#8221;link&#8221;:&#8221;microcredentials-programme-in-innovation-process-management-in-agriculture\/&#8221;,&#8221;title&#8221;:&#8221;&#8221;}},{&#8220;type&#8221;:&#8221;grid_item&#8221;,&#8221;props&#8221;:{&#8220;content&#8221;:&#8221;<\/p>\n<div style=\\\"display: flex; align-items: center; color: white;\\\">\\n  <!-- Number -->\\n  <\/p>\n<div style=\\\"font-size: 2.5rem; font-weight: bold; margin-right: 15px;\\\">4<\/div>\n<p>\\n\\n  <!-- Vertical line -->\\n  <\/p>\n<div style=\\\"width: 2px; height: 60px; background-color: white; margin-right: 15px;\\\"><\/div>\n<p>\\n\\n  <!-- Text -->\\n  <\/p>\n<div>Manual on the structure and use of the Joint Microcredentials Programme in Innovation Process Management in Agriculture<\/div>\n<p>\\n<\/p><\/div>\n<p>\\n&#8221;,&#8221;link&#8221;:&#8221;manual-on-the-structure-and-use-of-the-joint-microcredentials-programme-in-innovation-process-management-in-agriculture\/&#8221;,&#8221;title&#8221;:&#8221;&#8221;}},{&#8220;type&#8221;:&#8221;grid_item&#8221;,&#8221;props&#8221;:{&#8220;content&#8221;:&#8221;<\/p>\n<div style=\\\"display: flex; align-items: center; color: white;\\\">\\n  <!-- Number -->\\n  <\/p>\n<div style=\\\"font-size: 2.5rem; font-weight: bold; margin-right: 15px;\\\">5<\/div>\n<p>\\n\\n  <!-- Vertical line -->\\n  <\/p>\n<div style=\\\"width: 2px; height: 60px; background-color: white; margin-right: 15px;\\\"><\/div>\n<p>\\n\\n  <!-- Text -->\\n  <\/p>\n<div>Hybrid Human\u2013AI Personalised System<\/div>\n<p>\\n<\/p><\/div>\n<p>\\n&#8221;,&#8221;link&#8221;:&#8221;hybrid-ai-system\/&#8221;,&#8221;title&#8221;:&#8221;&#8221;}}],&#8221;name&#8221;:&#8221;Modules&#8221;}]}],&#8221;props&#8221;:{&#8220;width&#8221;:&#8221;default&#8221;}}]}],&#8221;version&#8221;:&#8221;5.0.18&#8243;} &#8211;><\/p>\n","protected":false},"excerpt":{"rendered":"<p>V\u00edtejte na vzd\u011bl\u00e1vac\u00ed platform\u011b PERSONA! Vzd\u011bl\u00e1vac\u00ed platforma PERSONA je online vzd\u011bl\u00e1vac\u00ed prost\u0159ed\u00ed vyvinut\u00e9 na podporu inovac\u00ed v oblasti zem\u011bd\u011blsk\u00e9ho vzd\u011bl\u00e1v\u00e1n\u00ed a odborn\u00e9 p\u0159\u00edpravy...<\/p>","protected":false},"author":1,"featured_media":0,"parent":0,"menu_order":0,"comment_status":"closed","ping_status":"closed","template":"","meta":{"_acf_changed":false,"footnotes":""},"class_list":["post-49","page","type-page","status-publish","hentry"],"acf":[],"_links":{"self":[{"href":"https:\/\/elearning.personaproject.eu\/cs\/wp-json\/wp\/v2\/pages\/49","targetHints":{"allow":["GET"]}}],"collection":[{"href":"https:\/\/elearning.personaproject.eu\/cs\/wp-json\/wp\/v2\/pages"}],"about":[{"href":"https:\/\/elearning.personaproject.eu\/cs\/wp-json\/wp\/v2\/types\/page"}],"author":[{"embeddable":true,"href":"https:\/\/elearning.personaproject.eu\/cs\/wp-json\/wp\/v2\/users\/1"}],"replies":[{"embeddable":true,"href":"https:\/\/elearning.personaproject.eu\/cs\/wp-json\/wp\/v2\/comments?post=49"}],"version-history":[{"count":79,"href":"https:\/\/elearning.personaproject.eu\/cs\/wp-json\/wp\/v2\/pages\/49\/revisions"}],"predecessor-version":[{"id":1318,"href":"https:\/\/elearning.personaproject.eu\/cs\/wp-json\/wp\/v2\/pages\/49\/revisions\/1318"}],"wp:attachment":[{"href":"https:\/\/elearning.personaproject.eu\/cs\/wp-json\/wp\/v2\/media?parent=49"}],"curies":[{"name":"wp","href":"https:\/\/api.w.org\/{rel}","templated":true}]}}