{"id":693,"date":"2025-07-18T08:31:30","date_gmt":"2025-07-18T08:31:30","guid":{"rendered":"https:\/\/elearning.personaproject.eu\/register-2\/"},"modified":"2025-07-21T10:59:48","modified_gmt":"2025-07-21T10:59:48","slug":"register-2","status":"publish","type":"page","link":"https:\/\/elearning.personaproject.eu\/cs\/register-2\/","title":{"rendered":"Registrovat"},"content":{"rendered":"<div>\n\t<div class='user-registration ur-frontend-form   ' id='user-registration-form-673'>\n\t\t\t\t\t\t\t\t<form method='post' class='register' data-form-id=\"673\"\n\t\t\t\tdata-enable-strength-password=\"\" data-minimum-password-strength=\"3\"\n\t\t\t\t\t\t\t\t\t\t\t\t\t\t\t data-captcha-enabled=\"1\">\n\n\t\t\t\t<div class=\"ur-form-row\" data-row-id=\"0\">\t\t\t\t\t\t\t<div class=\"ur-form-grid ur-grid-1\"\n\t\t\t\t\t\t\t\tstyle=\"width:48%\">\n\t\t\t\t\t\t\t\t\t\t\t\t\t\t\t\t<div  data-field-id=\"first_name\" class=\"ur-field-item field-first_name \" data-ref-id=\"first_name\" data-field-pattern-enabled=\"0\" data-field-pattern-value=\" \" data-field-pattern-message=\" \">\n\t\t\t\t\t\t\t\t\t\t<div class=\"form-row validate-required\" id=\"first_name_field\" data-priority=\"\" ><label for=\"first_name\" class=\"ur-label\">First Name <abbr class=\"required\" title=\"povinn\u00e9\">*<\/abbr><\/label> <span class=\"input-wrapper\"> <input  data-rules=\"\" data-id=\"first_name\" type=\"text\" class=\"input-text   input-text ur-frontend-field  \" name=\"first_name\" id=\"first_name\" placeholder=\"\"  value=\"\" required=\"required\" data-label=\"First Name\" \/> <\/span> <\/div>\t\t\t\t\t\t\t\t\t<\/div>\n\t\t\t\t\t\t\t\t\t\t\t\t\t\t\t\t\t\t<div  data-field-id=\"user_login\" class=\"ur-field-item field-user_login \" data-ref-id=\"user_login\" data-field-pattern-enabled=\"0\" data-field-pattern-value=\" \" data-field-pattern-message=\" \">\n\t\t\t\t\t\t\t\t\t\t<div class=\"form-row validate-required\" id=\"user_login_field\" data-priority=\"\" ><label for=\"user_login\" class=\"ur-label\">Username <abbr class=\"required\" title=\"povinn\u00e9\">*<\/abbr><\/label> <span class=\"input-wrapper\"> <input  data-rules=\"\" data-id=\"user_login\" type=\"text\" class=\"input-text   input-text ur-frontend-field  \" name=\"user_login\" id=\"user_login\" placeholder=\"\"  value=\"\" required=\"required\" data-label=\"Username\" data-username-character=\"1\"\/> <\/span> <\/div>\t\t\t\t\t\t\t\t\t<\/div>\n\t\t\t\t\t\t\t\t\t\t\t\t\t\t\t\t<\/div>\n\t\t\t\t\t\t\t\t\t\t\t\t\t\t<div class=\"ur-form-grid ur-grid-2\"\n\t\t\t\t\t\t\t\tstyle=\"width:48%\">\n\t\t\t\t\t\t\t\t\t\t\t\t\t\t\t\t<div  data-field-id=\"last_name\" class=\"ur-field-item field-last_name \" data-ref-id=\"last_name\" data-field-pattern-enabled=\"0\" data-field-pattern-value=\" \" data-field-pattern-message=\" \">\n\t\t\t\t\t\t\t\t\t\t<div class=\"form-row validate-required\" id=\"last_name_field\" data-priority=\"\" ><label for=\"last_name\" class=\"ur-label\">Last Name <abbr class=\"required\" title=\"povinn\u00e9\">*<\/abbr><\/label> <span class=\"input-wrapper\"> <input  data-rules=\"\" data-id=\"last_name\" type=\"text\" class=\"input-text   input-text ur-frontend-field  \" name=\"last_name\" id=\"last_name\" placeholder=\"\"  value=\"\" required=\"required\" data-label=\"Last Name\" \/> <\/span> <\/div>\t\t\t\t\t\t\t\t\t<\/div>\n\t\t\t\t\t\t\t\t\t\t\t\t\t\t\t\t\t\t<div  data-field-id=\"user_email\" class=\"ur-field-item field-user_email \" data-ref-id=\"user_email\" data-field-pattern-enabled=\"0\" data-field-pattern-value=\" \" data-field-pattern-message=\" \">\n\t\t\t\t\t\t\t\t\t\t<div class=\"form-row validate-required\" id=\"user_email_field\" data-priority=\"\" ><label for=\"user_email\" class=\"ur-label\">User Email <abbr class=\"required\" title=\"povinn\u00e9\">*<\/abbr><\/label> <span class=\"input-wrapper\"> <input  data-rules=\"\" data-id=\"user_email\" type=\"email\" class=\"input-text   input-email ur-frontend-field  \" name=\"user_email\" id=\"user_email\" placeholder=\"\"  value=\"\" required=\"required\" data-label=\"User Email\" \/> <\/span> <\/div>\t\t\t\t\t\t\t\t\t<\/div>\n\t\t\t\t\t\t\t\t\t\t\t\t\t\t\t\t<\/div>\n\t\t\t\t\t\t\t\t\t\t\t\t\t<\/div>\n\t\t\t\t\t\t<div class=\"ur-form-row\" data-row-id=\"1\">\t\t\t\t\t\t\t<div class=\"ur-form-grid ur-grid-1\"\n\t\t\t\t\t\t\t\tstyle=\"width:48%\">\n\t\t\t\t\t\t\t\t\t\t\t\t\t\t\t\t<div  data-field-id=\"user_pass\" class=\"ur-field-item field-user_pass \" data-ref-id=\"user_pass\" data-field-pattern-enabled=\"0\" data-field-pattern-value=\" \" data-field-pattern-message=\" \">\n\t\t\t\t\t\t\t\t\t\t<div class=\"form-row validate-required hide_show_password\" id=\"user_pass_field\" data-priority=\"\"><label for=\"user_pass\" class=\"ur-label\">User Password <abbr class=\"required\" title=\"povinn\u00e9\">*<\/abbr><\/label> <span class=\"input-wrapper\"> <span class=\"password-input-group input-form-field-icons\"><input data-rules=\"\" data-id=\"user_pass\" type=\"password\" class=\"input-text  input-password ur-frontend-field  \" name=\"user_pass\" id=\"user_pass\" placeholder=\"\"  value=\"\" required=\"required\" data-label=\"User Password\" \/><\/span> <\/span> <\/div>\t\t\t\t\t\t\t\t\t<\/div>\n\t\t\t\t\t\t\t\t\t\t\t\t\t\t\t\t<\/div>\n\t\t\t\t\t\t\t\t\t\t\t\t\t\t<div class=\"ur-form-grid ur-grid-2\"\n\t\t\t\t\t\t\t\tstyle=\"width:48%\">\n\t\t\t\t\t\t\t\t\t\t\t\t\t\t\t\t<div  data-field-id=\"user_confirm_password\" class=\"ur-field-item field-user_confirm_password \" data-ref-id=\"user_confirm_password\" data-field-pattern-enabled=\"0\" data-field-pattern-value=\" \" data-field-pattern-message=\" \">\n\t\t\t\t\t\t\t\t\t\t<div class=\"form-row validate-required hide_show_password\" id=\"user_confirm_password_field\" data-priority=\"\"><label for=\"user_confirm_password\" class=\"ur-label\">Confirm Password <abbr class=\"required\" title=\"povinn\u00e9\">*<\/abbr><\/label> <span class=\"input-wrapper\"> <span class=\"password-input-group input-form-field-icons\"><input data-rules=\"\" data-id=\"user_confirm_password\" type=\"password\" class=\"input-text  input-password ur-frontend-field  \" name=\"user_confirm_password\" id=\"user_confirm_password\" placeholder=\"\"  value=\"\" required=\"required\" data-label=\"Confirm Password\" \/><\/span> <\/span> <\/div>\t\t\t\t\t\t\t\t\t<\/div>\n\t\t\t\t\t\t\t\t\t\t\t\t\t\t\t\t<\/div>\n\t\t\t\t\t\t\t\t\t\t\t\t\t<\/div>\n\t\t\t\t\t\t<div class=\"ur-form-row\" data-row-id=\"2\">\t\t\t\t\t\t\t<div class=\"ur-form-grid ur-grid-1\"\n\t\t\t\t\t\t\t\tstyle=\"width:99%\">\n\t\t\t\t\t\t\t\t\t\t\t\t\t\t\t\t<div  data-field-id=\"select_age_group\" class=\"ur-field-item field-select \" data-ref-id=\"select_age_group\" data-field-pattern-enabled=\"0\" data-field-pattern-value=\" \" data-field-pattern-message=\" \">\n\t\t\t\t\t\t\t\t\t\t<div class=\"form-row validate-required\" id=\"select_age_group_field\" data-priority=\"\" ><label for=\"select_age_group\" class=\"ur-label\">Age Group <abbr class=\"required\" title=\"povinn\u00e9\">*<\/abbr><\/label><select data-rules=\"\" data-id=\"select_age_group\" name=\"select_age_group\" id=\"select_age_group\" class=\"ur-field-address-country select ur-frontend-field  \" required=\"required\" data-label=\"Age Group\" data-allow_clear=\"true\" data-placeholder=\"Please Select Your Age Group\" data-state-enabled=\"\">\n\t\t\t\t\t<option value=\"\" selected disabled>Please Select Your Age Group<\/option><option value=\"&lt;18\" >&lt;18<\/option><option value=\"18-24\" >18-24<\/option><option value=\"25-34\" >25-34<\/option><option value=\"35-44\" >35-44<\/option><option value=\"45+\" >45+<\/option>\n\t\t\t\t\t<\/select><\/div>\t\t\t\t\t\t\t\t\t<\/div>\n\t\t\t\t\t\t\t\t\t\t\t\t\t\t\t\t\t\t<div  data-field-id=\"select_education_level\" class=\"ur-field-item field-select \" data-ref-id=\"select_education_level\" data-field-pattern-enabled=\"0\" data-field-pattern-value=\" \" data-field-pattern-message=\" \">\n\t\t\t\t\t\t\t\t\t\t<div class=\"form-row validate-required\" id=\"select_education_level_field\" data-priority=\"\" ><label for=\"select_education_level\" class=\"ur-label\">Education Level <abbr class=\"required\" title=\"povinn\u00e9\">*<\/abbr><\/label><select data-rules=\"\" data-id=\"select_education_level\" name=\"select_education_level\" id=\"select_education_level\" class=\"ur-field-address-country select ur-frontend-field  \" required=\"required\" data-label=\"Education Level\" data-allow_clear=\"true\" data-placeholder=\"Please choose your Education Level\" data-state-enabled=\"\">\n\t\t\t\t\t<option value=\"\" selected disabled>Please choose your Education Level<\/option><option value=\"primary\" >primary<\/option><option value=\"secondary\" >secondary<\/option><option value=\"vocational\" >vocational<\/option><option value=\"higher education\" >higher education<\/option><option value=\"postgraduate\" >postgraduate<\/option>\n\t\t\t\t\t<\/select><\/div>\t\t\t\t\t\t\t\t\t<\/div>\n\t\t\t\t\t\t\t\t\t\t\t\t\t\t\t\t\t\t<div  data-field-id=\"select_current_status\" class=\"ur-field-item field-select \" data-ref-id=\"select_current_status\" data-field-pattern-enabled=\"0\" data-field-pattern-value=\" \" data-field-pattern-message=\" \">\n\t\t\t\t\t\t\t\t\t\t<div class=\"form-row validate-required\" id=\"select_current_status_field\" data-priority=\"\" ><label for=\"select_current_status\" class=\"ur-label\">Current Status <abbr class=\"required\" title=\"povinn\u00e9\">*<\/abbr><\/label><select data-rules=\"\" data-id=\"select_current_status\" name=\"select_current_status\" id=\"select_current_status\" class=\"ur-field-address-country select ur-frontend-field  \" required=\"required\" data-label=\"Current Status\" data-allow_clear=\"true\" data-placeholder=\"Please Select your Status\" data-state-enabled=\"\">\n\t\t\t\t\t<option value=\"\" selected disabled>Please Select your Status<\/option><option value=\"Student\" >Student<\/option><option value=\"Employed in agriculture\" >Employed in agriculture<\/option><option value=\"Entrepreneur\" >Entrepreneur<\/option><option value=\"Job seeker\" >Job seeker<\/option><option value=\"Other\" >Other<\/option>\n\t\t\t\t\t<\/select><\/div>\t\t\t\t\t\t\t\t\t<\/div>\n\t\t\t\t\t\t\t\t\t\t\t\t\t\t\t\t\t\t<div  data-field-id=\"country_country\" class=\"ur-field-item field-country \" data-ref-id=\"country_country\" data-field-pattern-enabled=\"0\" data-field-pattern-value=\" \" data-field-pattern-message=\" \">\n\t\t\t\t\t\t\t\t\t\t<div class=\"form-row \" id=\"country_country_field\" data-priority=\"\" ><label for=\"country_country\" class=\"ur-label\">Country<\/label><select data-rules=\"\" data-id=\"country_country\" name=\"country_country\" id=\"country_country\" class=\"ur-field-address-country select ur-frontend-field  \" data-label=\"Country\" data-allow_clear=\"true\" data-placeholder=\"Select a country\" data-state-enabled=\"\">\n\t\t\t\t\t<option value=\"\" selected disabled>Select a country<\/option><option value=\"AF\" >Afg\u00e1nist\u00e1n<\/option><option value=\"AX\" >Alandsk\u00e9 ostrovy<\/option><option value=\"AL\" >Alb\u00e1nie<\/option><option value=\"DZ\" >Al\u017e\u00edrsko<\/option><option value=\"AS\" >Americk\u00e1 Samoa<\/option><option value=\"AD\" >Andora<\/option><option value=\"AO\" >Angola<\/option><option value=\"AI\" >Anguilla<\/option><option value=\"AQ\" >Antarktida<\/option><option value=\"AG\" >Antigua a Barbuda<\/option><option value=\"AR\" >Argentina<\/option><option value=\"AM\" >Arm\u00e9nie<\/option><option value=\"AW\" >Aruba<\/option><option value=\"AU\" >Austr\u00e1lie<\/option><option value=\"AT\" >Rakousko<\/option><option value=\"AZ\" >\u00c1zerbajd\u017e\u00e1n<\/option><option value=\"BS\" >Bahami<\/option><option value=\"BH\" >Bahrain<\/option><option value=\"BD\" >Banglad\u00e9\u0161<\/option><option value=\"BB\" >Barbados<\/option><option value=\"BY\" >B\u011blorusko<\/option><option value=\"BE\" >Belgie<\/option><option value=\"PW\" >Belau<\/option><option value=\"BZ\" >Belize<\/option><option value=\"BJ\" >Benin<\/option><option value=\"BM\" >Bermudy<\/option><option value=\"BT\" >Bhut\u00e1n<\/option><option value=\"BO\" >Bol\u00edvie<\/option><option value=\"BQ\" >Bonaire, Svat\u00fd Eustach a Saba<\/option><option value=\"BA\" >Bosna a Herzegovina<\/option><option value=\"BW\" >Botswana<\/option><option value=\"BV\" >Ostrov Bouvet<\/option><option value=\"BR\" >Braz\u00edlie<\/option><option value=\"IO\" >Britsk\u00e9 indickoocen\u00e1nsk\u00e9 \u00fazem\u00ed<\/option><option value=\"VG\" >Britsk\u00e9 Panensk\u00e9 ostrovy<\/option><option value=\"BN\" >Brunei<\/option><option value=\"BG\" >Bulharsko<\/option><option value=\"BF\" >Burkina Faso<\/option><option value=\"BI\" >Burundi<\/option><option value=\"KH\" >Kambod\u017ea<\/option><option value=\"CM\" >Kamerun<\/option><option value=\"CA\" >Kanada<\/option><option value=\"CV\" >Kapverdy<\/option><option value=\"KY\" >Kajmansk\u00e9 ostrovy<\/option><option value=\"CF\" >St\u0159edoafrick\u00e1 republika<\/option><option value=\"TD\" >Chad<\/option><option value=\"CL\" >\u010cile<\/option><option value=\"CN\" >\u010c\u00edna<\/option><option value=\"CX\" >Velikono\u010dn\u00ed ostrovy<\/option><option value=\"CC\" >Kokosov\u00e9 ostrovy<\/option><option value=\"CO\" >Kolumbie<\/option><option value=\"KM\" >Komorsk\u00e9 ostrovy<\/option><option value=\"CG\" >Kongo (Brazzaville)<\/option><option value=\"CD\" >Kongo (Kinshasa)<\/option><option value=\"CK\" >Cookovy ostrovy<\/option><option value=\"CR\" >Costa Rica<\/option><option value=\"HR\" >Chorvatsko<\/option><option value=\"CU\" >Kuba<\/option><option value=\"CW\" >Cura&ccedil;ao<\/option><option value=\"CY\" >Kypr<\/option><option value=\"CZ\" >\u010cesk\u00e1 republika<\/option><option value=\"DK\" >D\u00e1nsko<\/option><option value=\"DJ\" >Djibouti<\/option><option value=\"DM\" >Dominica<\/option><option value=\"DO\" >Dominik\u00e1nsk\u00e1 republika<\/option><option value=\"EC\" >Ekv\u00e1dor<\/option><option value=\"EG\" >Egypt<\/option><option value=\"SV\" >Salvador<\/option><option value=\"GQ\" >Rovn\u00edhov\u00e1 Guinea<\/option><option value=\"ER\" >Eritrea<\/option><option value=\"EE\" >Est\u00f3nsko<\/option><option value=\"SZ\" >Eswatini<\/option><option value=\"ET\" >Ethiopie<\/option><option value=\"FK\" >Falkandsk\u00e9 ostrovy<\/option><option value=\"FO\" >Ostrovy Faroe<\/option><option value=\"FJ\" >Fiji<\/option><option value=\"FI\" >Finsko<\/option><option value=\"FR\" >Francie<\/option><option value=\"GF\" >Francouzsk\u00e1 Guiana<\/option><option value=\"PF\" >Francouzsk\u00e1 Polyn\u00e9sie<\/option><option value=\"TF\" >Francouzsk\u00e1 ji\u017en\u00ed \u00fazem\u00ed<\/option><option value=\"GA\" >Gabon<\/option><option value=\"GM\" >Gambie<\/option><option value=\"GE\" >Georgia<\/option><option value=\"DE\" >N\u011bmecko<\/option><option value=\"GH\" >Ghana<\/option><option value=\"GI\" >Gibraltar<\/option><option value=\"GR\" >\u0158ecko<\/option><option value=\"GL\" >Gr\u00f3nsko<\/option><option value=\"GD\" >Grenada<\/option><option value=\"GP\" >Gaudeloupe<\/option><option value=\"GU\" >Guam<\/option><option value=\"GT\" >Guatemala<\/option><option value=\"GG\" >Guernsey<\/option><option value=\"GN\" >Guinea<\/option><option value=\"GW\" >Guinea-Bissau<\/option><option value=\"GY\" >Guyana<\/option><option value=\"HT\" >Haiti<\/option><option value=\"HM\" >Heard\u016fv ostrov a McDonaldovy ostrovy<\/option><option value=\"HN\" >Honduras<\/option><option value=\"HK\" >Hong Kong<\/option><option value=\"HU\" >Ma\u010farsko<\/option><option value=\"IS\" >Gr\u00f3nsko<\/option><option value=\"IN\" >Indie<\/option><option value=\"ID\" >Indon\u00e9sie<\/option><option value=\"IR\" >Ir\u00e1n<\/option><option value=\"IQ\" >Ir\u00e1k<\/option><option value=\"IE\" >Irsko<\/option><option value=\"IM\" >Ostrov Man<\/option><option value=\"IL\" >Izrael<\/option><option value=\"IT\" >It\u00e1lie<\/option><option value=\"CI\" >Pob\u0159e\u017e\u00ed slonoviny<\/option><option value=\"JM\" >Jamajka<\/option><option value=\"JP\" >Japonsko<\/option><option value=\"JE\" >Jersey<\/option><option value=\"JO\" >Jord\u00e1nsko<\/option><option value=\"KZ\" >Kazakst\u00e1n<\/option><option value=\"KE\" >Ke\u0148a<\/option><option value=\"KI\" >Kiribati<\/option><option value=\"KW\" >Kuvajt<\/option><option value=\"KG\" >Kyrgist\u00e1n<\/option><option value=\"LA\" >Laos<\/option><option value=\"LV\" >Loty\u0161sko<\/option><option value=\"LB\" >Libanon<\/option><option value=\"LS\" >Lesotho<\/option><option value=\"LR\" >Lib\u00e9rie<\/option><option value=\"LY\" >L\u00edbie<\/option><option value=\"LI\" >Lichen\u0161tejnsko<\/option><option value=\"LT\" >Litva<\/option><option value=\"LU\" >Luxembursko<\/option><option value=\"MO\" >Macao S.A.R., \u010c\u00edna<\/option><option value=\"MK\" >Makedonie<\/option><option value=\"MG\" >Madagaskar<\/option><option value=\"MW\" >Malawi<\/option><option value=\"MY\" >Malajsie<\/option><option value=\"MV\" >Maledivy<\/option><option value=\"ML\" >Mali<\/option><option value=\"MT\" >Malta<\/option><option value=\"MH\" >Marshallovy ostrovy<\/option><option value=\"MQ\" >Martinik<\/option><option value=\"MR\" >Mauret\u00e1nie<\/option><option value=\"MU\" >Marutius<\/option><option value=\"YT\" >Mayotte<\/option><option value=\"MX\" >Mexiko<\/option><option value=\"FM\" >Mikron\u00e9sie<\/option><option value=\"MD\" >Mold\u00e1vie<\/option><option value=\"MC\" >Monako<\/option><option value=\"MN\" >Mongolsko<\/option><option value=\"ME\" >\u010cern\u00e1 hora<\/option><option value=\"MS\" >Montserrat<\/option><option value=\"MA\" >Maroko<\/option><option value=\"MZ\" >Mozambik<\/option><option value=\"MM\" >Myanmar<\/option><option value=\"NA\" >Nam\u00edbie<\/option><option value=\"NR\" >Nauru<\/option><option value=\"NP\" >Nep\u00e1l<\/option><option value=\"NL\" >Nizozemsko<\/option><option value=\"NC\" >Nov\u00e1 Kaledonie<\/option><option value=\"NZ\" >Nov\u00fd Z\u00e9land<\/option><option value=\"NI\" >Nikaragua<\/option><option value=\"NE\" >Niger<\/option><option value=\"NG\" >Nig\u00e9rie<\/option><option value=\"NU\" >Niue<\/option><option value=\"NF\" >Ostrov Norfolk<\/option><option value=\"MP\" >Severn\u00ed Mariany<\/option><option value=\"KP\" >Severn\u00ed Korea<\/option><option value=\"NO\" >Norsko<\/option><option value=\"OM\" >Om\u00e1n<\/option><option value=\"PK\" >Pakist\u00e1n<\/option><option value=\"PS\" >Palest\u00edna<\/option><option value=\"PA\" >Panama<\/option><option value=\"PG\" >Papua Nov\u00e1 Guinea<\/option><option value=\"PY\" >Paguay<\/option><option value=\"PE\" >Peru<\/option><option value=\"PH\" >Filip\u00edny<\/option><option value=\"PN\" >Pitcairnovy ostrovy<\/option><option value=\"PL\" >Polsko<\/option><option value=\"PT\" >Portugalsko<\/option><option value=\"PR\" >Porto Rico<\/option><option value=\"QA\" >Katar<\/option><option value=\"RE\" >R\u00e9union<\/option><option value=\"RO\" >Rumunsko<\/option><option value=\"RU\" >Rusko<\/option><option value=\"RW\" >Rwanda<\/option><option value=\"BL\" >Svat\u00fd Bartolom\u011bj<\/option><option value=\"SH\" >Svat\u00e1 Helena<\/option><option value=\"KN\" >Svat\u00fd Kry\u0161tof a Nevis<\/option><option value=\"LC\" >Svat\u00e1 Lucie<\/option><option value=\"MF\" >Svat\u00fd Martin (francouzsk\u00e1 \u010d\u00e1st)<\/option><option value=\"SX\" >Svat\u00fd Martin (d\u00e1nsk\u00e1 \u010d\u00e1st)<\/option><option value=\"PM\" >Saint-Pierre a Miquelon<\/option><option value=\"VC\" >Svat\u00fd Vincenc a Grenadiny<\/option><option value=\"SM\" >San Marino<\/option><option value=\"ST\" >Svat\u00fd Tom\u00e1\u0161 a Princ\u016fv ostrov<\/option><option value=\"SA\" >Saudsk\u00e1 Ar\u00e1bie<\/option><option value=\"SN\" >Senegal<\/option><option value=\"RS\" >Srbsko<\/option><option value=\"SC\" >Seychely<\/option><option value=\"SL\" >Sierra Leone<\/option><option value=\"SG\" >Singapore<\/option><option value=\"SK\" >Slovensko<\/option><option value=\"SI\" >Slovinsko<\/option><option value=\"SB\" >Solomonovi ostrovy<\/option><option value=\"SO\" >Som\u00e1lsko<\/option><option value=\"ZA\" >Ji\u017en\u00ed Afrika<\/option><option value=\"GS\" >Ji\u017en\u00ed Georgia\/Ji\u017en\u00ed Sandwichovy ostrovy<\/option><option value=\"KR\" >Ji\u017en\u00ed Korea<\/option><option value=\"SS\" >Ji\u017en\u00ed Sud\u00e1n<\/option><option value=\"ES\" >\u0160pan\u011blsko<\/option><option value=\"LK\" >Sr\u00ed Lanka<\/option><option value=\"SD\" >Sud\u00e1n<\/option><option value=\"SR\" >Surinam<\/option><option value=\"SJ\" >Svalbard a Jan Mayen<\/option><option value=\"SE\" >\u0160v\u00e9dsko<\/option><option value=\"CH\" >\u0160v\u00fdcarsko<\/option><option value=\"SY\" >S\u00fdrie<\/option><option value=\"TW\" >Taiwan<\/option><option value=\"TJ\" >Tajikist\u00e1n<\/option><option value=\"TZ\" >Tanz\u00e1nie<\/option><option value=\"TH\" >Thajsko<\/option><option value=\"TL\" >V\u00fdchodn\u00ed Timor<\/option><option value=\"TG\" >Togo<\/option><option value=\"TK\" >Tokelau<\/option><option value=\"TO\" >Tonga<\/option><option value=\"TT\" >Trinidad a Tobago<\/option><option value=\"TN\" >Tunisko<\/option><option value=\"TR\" >Turecko<\/option><option value=\"TM\" >Turkmenist\u00e1n<\/option><option value=\"TC\" >ostrovy Turks a Caicos<\/option><option value=\"TV\" >Tuvalu<\/option><option value=\"UG\" >Uganda<\/option><option value=\"UA\" >Ukrajina<\/option><option value=\"AE\" >Spojen\u00e9 arabsk\u00e9 emir\u00e1ty<\/option><option value=\"GB\" >Spojen\u00e9 kr\u00e1lovstv\u00ed (UK)<\/option><option value=\"US\" >Spojen\u00e9 st\u00e1ty (US)<\/option><option value=\"UM\" >Spojen\u00e9 st\u00e1ty (US) Men\u0161\u00ed odlehl\u00e9 ostrovy<\/option><option value=\"VI\" >Spojen\u00e9 st\u00e1ty (US) Panensk\u00e9 ostrovy<\/option><option value=\"UY\" >Uruguay<\/option><option value=\"UZ\" >Uzbekist\u00e1n<\/option><option value=\"VU\" >Vanuatu<\/option><option value=\"VA\" >Vatik\u00e1n<\/option><option value=\"VE\" >Venezuela<\/option><option value=\"VN\" >V\u011btnam<\/option><option value=\"WF\" >Wallis a Futuna<\/option><option value=\"EH\" >Z\u00e1padn\u00ed sahara<\/option><option value=\"WS\" >Samoa<\/option><option value=\"YE\" >Jemen<\/option><option value=\"ZM\" >Zambie<\/option><option value=\"ZW\" >Zimbabwe<\/option>\n\t\t\t\t\t<\/select><\/div>\t\t\t\t\t\t\t\t\t<\/div>\n\t\t\t\t\t\t\t\t\t\t\t\t\t\t\t\t<\/div>\n\t\t\t\t\t\t\t\t\t\t\t\t\t<\/div>\n\t\t\t\t\t\t\t\t\t\t\t\t<div id=\"ur-recaptcha-node\"> <div id=\"node_recaptcha_register\" class=\"cf-turnstile\"><\/div><\/div>\t\t\t\t\t\t<div class=\"ur-button-container \" >\n\t\t\t\t\t\t\t\t\t\t\t\t\t\t<button type=\"submit\" class=\"btn button ur-submit-button \"  conditional_rules=\"&quot;&quot;\">\n\t\t\t\t\t\t\t\t<span><\/span>\n\t\t\t\t\t\t\t\tSubmit\t\t\t\t\t\t\t<\/button>\n\t\t\t\t\t\t\t\t\t\t\t\t\t\t\t\t\t\t\t\t<\/div>\n\t\t\t\t\t\t\n\t\t\t\t<div style=\"clear:both\"><\/div>\n\t\t\t\t\t\t\t\t<input type=\"hidden\" name=\"ur-registration-language\" value=\"cs\"\/>\n\t\t\t\t<input type=\"hidden\" name=\"ur-user-form-id\" value=\"673\"\/>\n\t\t\t\t<input type=\"hidden\" name=\"ur-redirect-url\" value=\"\"\/>\n\t\t\t\t<input type=\"hidden\" id=\"ur_frontend_form_nonce\" name=\"ur_frontend_form_nonce\" value=\"c49e391834\" \/>\n\t\t\t\t\n\t\t\t<\/form>\n\t\t\t\n\t\t<div style=\"clear:both\"><\/div>\n\t<\/div>\n\n\n<\/div>\n<p><!--more--><br \/>\n<!-- {\"type\":\"layout\",\"children\":[{\"type\":\"section\",\"props\":{\"image_position\":\"center-center\",\"style\":\"default\",\"title_breakpoint\":\"xl\",\"title_position\":\"top-left\",\"title_rotation\":\"left\",\"vertical_align\":\"middle\",\"width\":\"default\"},\"children\":[{\"type\":\"row\",\"children\":[{\"type\":\"column\",\"props\":{\"image_position\":\"center-center\",\"position_sticky_breakpoint\":\"m\"},\"children\":[{\"type\":\"text\",\"props\":{\"column_breakpoint\":\"m\",\"content\":\"\n\n<p>[user_registration_form id=\\\"673\\\"]<\\\/p>\",\"margin\":\"default\"}}]}]}]}],\"version\":\"4.5.24\"} --><\/p>\n","protected":false},"excerpt":{"rendered":"","protected":false},"author":1,"featured_media":0,"parent":0,"menu_order":0,"comment_status":"closed","ping_status":"closed","template":"","meta":{"_acf_changed":false,"footnotes":""},"class_list":["post-693","page","type-page","status-publish","hentry"],"acf":[],"_links":{"self":[{"href":"https:\/\/elearning.personaproject.eu\/cs\/wp-json\/wp\/v2\/pages\/693","targetHints":{"allow":["GET"]}}],"collection":[{"href":"https:\/\/elearning.personaproject.eu\/cs\/wp-json\/wp\/v2\/pages"}],"about":[{"href":"https:\/\/elearning.personaproject.eu\/cs\/wp-json\/wp\/v2\/types\/page"}],"author":[{"embeddable":true,"href":"https:\/\/elearning.personaproject.eu\/cs\/wp-json\/wp\/v2\/users\/1"}],"replies":[{"embeddable":true,"href":"https:\/\/elearning.personaproject.eu\/cs\/wp-json\/wp\/v2\/comments?post=693"}],"version-history":[{"count":2,"href":"https:\/\/elearning.personaproject.eu\/cs\/wp-json\/wp\/v2\/pages\/693\/revisions"}],"predecessor-version":[{"id":716,"href":"https:\/\/elearning.personaproject.eu\/cs\/wp-json\/wp\/v2\/pages\/693\/revisions\/716"}],"wp:attachment":[{"href":"https:\/\/elearning.personaproject.eu\/cs\/wp-json\/wp\/v2\/media?parent=693"}],"curies":[{"name":"wp","href":"https:\/\/api.w.org\/{rel}","templated":true}]}}