{"id":928,"date":"2025-10-10T11:20:08","date_gmt":"2025-10-10T11:20:08","guid":{"rendered":"https:\/\/elearning.personaproject.eu\/?page_id=928"},"modified":"2026-03-23T10:15:05","modified_gmt":"2026-03-23T10:15:05","slug":"trainers","status":"publish","type":"page","link":"https:\/\/elearning.personaproject.eu\/cs\/microcredentials-programme-in-innovation-process-management-in-agriculture\/trainers\/","title":{"rendered":"\u0160kolitel\u00e9"},"content":{"rendered":"<h1>\n<p>Trainers<\/p>\n<\/h1>\n<ul>\n<li>\n<div>\n<div style=\"display: flex; align-items: center; color: white;\">\n  <!-- Number --><\/p>\n<div style=\"font-size: 2.5rem; font-weight: bold; margin-right: 15px;\">1<\/div>\n<p>  <!-- Vertical line --><\/p>\n<div style=\"width: 2px; height: 60px; background-color: white; margin-right: 15px;\"><\/div>\n<p>  <!-- Text --><\/p>\n<div>\n<h3 style=\"color: #fff;\">Agricultural Financial Management<\/h3>\n<\/div>\n<\/div>\n<\/div>\n<p><a href=\"\/wp-content\/uploads\/2026\/03\/1.OnP_Module-Agricultural_Financial_Management.pdf\"><\/a><\/p>\n<\/li>\n<li>\n<div>\n<div style=\"display: flex; align-items: center; color: white;\">\n  <!-- Number --><\/p>\n<div style=\"font-size: 2.5rem; font-weight: bold; margin-right: 15px;\">2<\/div>\n<p>  <!-- Vertical line --><\/p>\n<div style=\"width: 2px; height: 60px; background-color: white; margin-right: 15px;\"><\/div>\n<p>  <!-- Text --><\/p>\n<div>\n<h3 style=\"color: #fff;\">Agriculture Software Tools<\/h3>\n<\/div>\n<\/div>\n<\/div>\n<p><a href=\"\/wp-content\/uploads\/2026\/03\/2.CESAR_Module-Agriculture_Software_Support_Tools.pdf\"><\/a><\/p>\n<\/li>\n<li>\n<div>\n<div style=\"display: flex; align-items: center; color: white;\">\n  <!-- Number --><\/p>\n<div style=\"font-size: 2.5rem; font-weight: bold; margin-right: 15px;\">3<\/div>\n<p>  <!-- Vertical line --><\/p>\n<div style=\"width: 2px; height: 60px; background-color: white; margin-right: 15px;\"><\/div>\n<p>  <!-- Text --><\/p>\n<div>\n<h3 style=\"color: #fff;\">Agriculture Sustainability<\/h3>\n<\/div>\n<\/div>\n<\/div>\n<p><a href=\"\/wp-content\/uploads\/2026\/03\/3.BC_Naklo_Module-Sustainable_Agriculture.pdf\"><\/a><\/p>\n<\/li>\n<li>\n<div>\n<div style=\"display: flex; align-items: center; color: white;\">\n  <!-- Number --><\/p>\n<div style=\"font-size: 2.5rem; font-weight: bold; margin-right: 15px;\">4<\/div>\n<p>  <!-- Vertical line --><\/p>\n<div style=\"width: 2px; height: 60px; background-color: white; margin-right: 15px;\"><\/div>\n<p>  <!-- Text --><\/p>\n<div>\n<h3 style=\"color: #fff;\">Farm Entrepreneurship<\/h3>\n<\/div>\n<\/div>\n<\/div>\n<p><a href=\"\/wp-content\/uploads\/2026\/03\/4.INPRO_Module-Farm_Entrepreneurship.pdf\"><\/a><\/p>\n<\/li>\n<li>\n<div>\n<div style=\"display: flex; align-items: center; color: white;\">\n  <!-- Number --><\/p>\n<div style=\"font-size: 2.5rem; font-weight: bold; margin-right: 15px;\">5<\/div>\n<p>  <!-- Vertical line --><\/p>\n<div style=\"width: 2px; height: 60px; background-color: white; margin-right: 15px;\"><\/div>\n<p>  <!-- Text --><\/p>\n<div>\n<h3 style=\"color: #fff;\">Robotics in Agriculture<\/h3>\n<\/div>\n<\/div>\n<\/div>\n<p><a href=\"\/wp-content\/uploads\/2026\/03\/5.UNIPG_Module-Robotics_in_Agriculture.pdf\"><\/a><\/p>\n<\/li>\n<li>\n<div>\n<div style=\"display: flex; align-items: center; color: white;\">\n  <!-- Number --><\/p>\n<div style=\"font-size: 2.5rem; font-weight: bold; margin-right: 15px;\">6<\/div>\n<p>  <!-- Vertical line --><\/p>\n<div style=\"width: 2px; height: 60px; background-color: white; margin-right: 15px;\"><\/div>\n<p>  <!-- Text --><\/p>\n<div>\n<h3 style=\"color: #fff;\">The Role of Groups<\/h3>\n<\/div>\n<\/div>\n<\/div>\n<p><a href=\"\/wp-content\/uploads\/2026\/03\/6.UCD_Module-The_Role_of_Groups_in_Agriculture.pdf\"><\/a><\/p>\n<\/li>\n<\/ul>\n<p><!--more--><br \/>\n<!-- {\"type\":\"layout\",\"children\":[{\"type\":\"section\",\"props\":{\"image_position\":\"center-center\",\"style\":\"default\",\"title_breakpoint\":\"xl\",\"title_position\":\"top-left\",\"title_rotation\":\"left\",\"vertical_align\":\"middle\",\"width\":\"default\"},\"children\":[{\"type\":\"row\",\"children\":[{\"type\":\"column\",\"props\":{\"image_position\":\"center-center\",\"position_sticky_breakpoint\":\"m\"},\"children\":[{\"type\":\"breadcrumbs\",\"props\":{\"show_current\":true,\"show_home\":true}},{\"type\":\"headline\",\"props\":{\"content\":\"\n\n<p>Trainers<\/p>\n\n\",\"image_align\":\"left\",\"image_margin\":\"xsmall\",\"margin_bottom\":\"large\",\"title_element\":\"h1\",\"title_style\":\"h2\"}},{\"type\":\"grid\",\"props\":{\"content_column_breakpoint\":\"m\",\"css\":\".el-item{background-color:#4A916A;\\nborder-radius:15px;\\nmax-height:15rem;\\nheight:12rem;}\\n.el-title{padding:10px;\\ncolor:#FFFFFF;}\\n\\n.el-content{\\npadding:2rem;}\\n\",\"filter_align\":\"left\",\"filter_all\":true,\"filter_grid_breakpoint\":\"m\",\"filter_grid_width\":\"auto\",\"filter_position\":\"top\",\"filter_style\":\"tab\",\"grid_default\":\"1\",\"grid_medium\":\"2\",\"grid_small\":\"2\",\"image_align\":\"top\",\"image_grid_breakpoint\":\"m\",\"image_grid_width\":\"1-2\",\"image_svg_color\":\"emphasis\",\"item_animation\":true,\"lightbox_bg_close\":true,\"link_style\":\"default\",\"link_target\":true,\"link_text\":\"\",\"margin_bottom\":\"default\",\"margin_top\":\"default\",\"meta_align\":\"below-title\",\"meta_element\":\"div\",\"meta_style\":\"text-meta\",\"panel_link\":true,\"show_content\":true,\"show_hover_image\":false,\"show_hover_video\":false,\"show_image\":false,\"show_link\":true,\"show_meta\":true,\"show_title\":true,\"show_video\":false,\"title_align\":\"top\",\"title_element\":\"h3\",\"title_grid_breakpoint\":\"m\",\"title_grid_width\":\"1-2\",\"title_hover_style\":\"reset\"},\"children\":[{\"type\":\"grid_item\",\"props\":{\"content\":\"\n\n<div style=\\\"display: flex; align-items: center; color: white;\\\">\\n  <!-- Number -->\\n  <\/p>\n<div style=\\\"font-size: 2.5rem; font-weight: bold; margin-right: 15px;\\\">1<\/div>\n<p>\\n\\n  <!-- Vertical line -->\\n  <\/p>\n<div style=\\\"width: 2px; height: 60px; background-color: white; margin-right: 15px;\\\"><\/div>\n<p>\\n\\n  <!-- Text -->\\n  <\/p>\n<div>\n<h3 style=\\\"color: #fff;\\\">Agricultural Financial Management<\/h3>\n<\/div>\n<p>\\n<\/p><\/div>\n<p>\\n&#8221;,&#8221;link&#8221;:&#8221;wp-content\/uploads\/2026\/03\/1.OnP_Module-Agricultural_Financial_Management.pdf&#8221;,&#8221;title&#8221;:&#8221;&#8221;}},{&#8220;type&#8221;:&#8221;grid_item&#8221;,&#8221;props&#8221;:{&#8220;content&#8221;:&#8221;<\/p>\n<div style=\\\"display: flex; align-items: center; color: white;\\\">\\n  <!-- Number -->\\n  <\/p>\n<div style=\\\"font-size: 2.5rem; font-weight: bold; margin-right: 15px;\\\">2<\/div>\n<p>\\n\\n  <!-- Vertical line -->\\n  <\/p>\n<div style=\\\"width: 2px; height: 60px; background-color: white; margin-right: 15px;\\\"><\/div>\n<p>\\n\\n  <!-- Text -->\\n  <\/p>\n<div>\n<h3 style=\\\"color: #fff;\\\">Agriculture Software Tools<\/h3>\n<\/div>\n<p>\\n<\/p><\/div>\n<p>\\n&#8221;,&#8221;link&#8221;:&#8221;wp-content\/uploads\/2026\/03\/2.CESAR_Module-Agriculture_Software_Support_Tools.pdf&#8221;,&#8221;title&#8221;:&#8221;&#8221;}},{&#8220;type&#8221;:&#8221;grid_item&#8221;,&#8221;props&#8221;:{&#8220;content&#8221;:&#8221;<\/p>\n<div style=\\\"display: flex; align-items: center; color: white;\\\">\\n  <!-- Number -->\\n  <\/p>\n<div style=\\\"font-size: 2.5rem; font-weight: bold; margin-right: 15px;\\\">3<\/div>\n<p>\\n\\n  <!-- Vertical line -->\\n  <\/p>\n<div style=\\\"width: 2px; height: 60px; background-color: white; margin-right: 15px;\\\"><\/div>\n<p>\\n\\n  <!-- Text -->\\n  <\/p>\n<div>\n<h3 style=\\\"color: #fff;\\\">Agriculture Sustainability<\/h3>\n<\/div>\n<p>\\n<\/p><\/div>\n<p>\\n&#8221;,&#8221;link&#8221;:&#8221;wp-content\/uploads\/2026\/03\/3.BC_Naklo_Module-Sustainable_Agriculture.pdf&#8221;,&#8221;title&#8221;:&#8221;&#8221;}},{&#8220;type&#8221;:&#8221;grid_item&#8221;,&#8221;props&#8221;:{&#8220;content&#8221;:&#8221;<\/p>\n<div style=\\\"display: flex; align-items: center; color: white;\\\">\\n  <!-- Number -->\\n  <\/p>\n<div style=\\\"font-size: 2.5rem; font-weight: bold; margin-right: 15px;\\\">4<\/div>\n<p>\\n\\n  <!-- Vertical line -->\\n  <\/p>\n<div style=\\\"width: 2px; height: 60px; background-color: white; margin-right: 15px;\\\"><\/div>\n<p>\\n\\n  <!-- Text -->\\n  <\/p>\n<div>\n<h3 style=\\\"color: #fff;\\\">Farm Entrepreneurship<\/h3>\n<\/div>\n<p>\\n<\/p><\/div>\n<p>\\n&#8221;,&#8221;link&#8221;:&#8221;wp-content\/uploads\/2026\/03\/4.INPRO_Module-Farm_Entrepreneurship.pdf&#8221;,&#8221;title&#8221;:&#8221;&#8221;}},{&#8220;type&#8221;:&#8221;grid_item&#8221;,&#8221;props&#8221;:{&#8220;content&#8221;:&#8221;<\/p>\n<div style=\\\"display: flex; align-items: center; color: white;\\\">\\n  <!-- Number -->\\n  <\/p>\n<div style=\\\"font-size: 2.5rem; font-weight: bold; margin-right: 15px;\\\">5<\/div>\n<p>\\n\\n  <!-- Vertical line -->\\n  <\/p>\n<div style=\\\"width: 2px; height: 60px; background-color: white; margin-right: 15px;\\\"><\/div>\n<p>\\n\\n  <!-- Text -->\\n  <\/p>\n<div>\n<h3 style=\\\"color: #fff;\\\">Robotics in Agriculture<\/h3>\n<\/div>\n<p>\\n<\/p><\/div>\n<p>\\n&#8221;,&#8221;link&#8221;:&#8221;wp-content\/uploads\/2026\/03\/5.UNIPG_Module-Robotics_in_Agriculture.pdf&#8221;,&#8221;title&#8221;:&#8221;&#8221;}},{&#8220;type&#8221;:&#8221;grid_item&#8221;,&#8221;props&#8221;:{&#8220;content&#8221;:&#8221;<\/p>\n<div style=\\\"display: flex; align-items: center; color: white;\\\">\\n  <!-- Number -->\\n  <\/p>\n<div style=\\\"font-size: 2.5rem; font-weight: bold; margin-right: 15px;\\\">6<\/div>\n<p>\\n\\n  <!-- Vertical line -->\\n  <\/p>\n<div style=\\\"width: 2px; height: 60px; background-color: white; margin-right: 15px;\\\"><\/div>\n<p>\\n\\n  <!-- Text -->\\n  <\/p>\n<div>\n<h3 style=\\\"color: #fff;\\\">The Role of Groups<\/h3>\n<\/div>\n<p>\\n<\/p><\/div>\n<p>\\n&#8221;,&#8221;link&#8221;:&#8221;wp-content\/uploads\/2026\/03\/6.UCD_Module-The_Role_of_Groups_in_Agriculture.pdf&#8221;,&#8221;title&#8221;:&#8221;&#8221;}}],&#8221;name&#8221;:&#8221;Modules&#8221;}]}]}]}],&#8221;version&#8221;:&#8221;5.0.18&#8243;} &#8211;><\/p>\n","protected":false},"excerpt":{"rendered":"<p>Lekto\u0159i 1 Finan\u010dn\u00ed \u0159\u00edzen\u00ed v zem\u011bd\u011blstv\u00ed 2 Softwarov\u00e9 n\u00e1stroje pro zem\u011bd\u011blstv\u00ed 3 Udr\u017eitelnost v zem\u011bd\u011blstv\u00ed 4 Podnik\u00e1n\u00ed v zem\u011bd\u011blstv\u00ed 5 Robotika v zem\u011bd\u011blstv\u00ed 6 Role skupin<\/p>","protected":false},"author":1,"featured_media":0,"parent":826,"menu_order":0,"comment_status":"closed","ping_status":"closed","template":"","meta":{"_acf_changed":false,"footnotes":""},"class_list":["post-928","page","type-page","status-publish","hentry"],"acf":[],"_links":{"self":[{"href":"https:\/\/elearning.personaproject.eu\/cs\/wp-json\/wp\/v2\/pages\/928","targetHints":{"allow":["GET"]}}],"collection":[{"href":"https:\/\/elearning.personaproject.eu\/cs\/wp-json\/wp\/v2\/pages"}],"about":[{"href":"https:\/\/elearning.personaproject.eu\/cs\/wp-json\/wp\/v2\/types\/page"}],"author":[{"embeddable":true,"href":"https:\/\/elearning.personaproject.eu\/cs\/wp-json\/wp\/v2\/users\/1"}],"replies":[{"embeddable":true,"href":"https:\/\/elearning.personaproject.eu\/cs\/wp-json\/wp\/v2\/comments?post=928"}],"version-history":[{"count":28,"href":"https:\/\/elearning.personaproject.eu\/cs\/wp-json\/wp\/v2\/pages\/928\/revisions"}],"predecessor-version":[{"id":1369,"href":"https:\/\/elearning.personaproject.eu\/cs\/wp-json\/wp\/v2\/pages\/928\/revisions\/1369"}],"up":[{"embeddable":true,"href":"https:\/\/elearning.personaproject.eu\/cs\/wp-json\/wp\/v2\/pages\/826"}],"wp:attachment":[{"href":"https:\/\/elearning.personaproject.eu\/cs\/wp-json\/wp\/v2\/media?parent=928"}],"curies":[{"name":"wp","href":"https:\/\/api.w.org\/{rel}","templated":true}]}}